{"id":568,"date":"2024-10-07T18:41:08","date_gmt":"2024-10-07T21:41:08","guid":{"rendered":"https:\/?page_id=568"},"modified":"2026-04-10T20:11:57","modified_gmt":"2026-04-10T23:11:57","slug":"servicos","status":"publish","type":"page","link":"https:\/\/luizfaustino.com\/en\/servicos\/","title":{"rendered":"Servi\u00e7os"},"content":{"rendered":"<h3 class=\"d-none\">Servi\u00e7os<\/h3>\n<p><a class=\"d-none\" href=\"https:\/\">Site<\/a><\/p>\n<p class=\"d-none\">Explore meus <a href=\"https:\/\/youtube.com\">servi\u00e7os<\/a><\/p>\n","protected":false},"excerpt":{"rendered":"<p>Servi\u00e7os Site Explore meus servi\u00e7os<\/p>\n","protected":false},"author":1,"featured_media":40,"parent":0,"menu_order":0,"comment_status":"closed","ping_status":"closed","template":"","meta":{"_seopress_robots_primary_cat":"","_seopress_titles_title":"Servi\u00e7os %%sep%% %%sitetitle%%","_seopress_titles_desc":"Saiba mais sobre os meus servi\u00e7os, e como podemos realizar juntos um trabalho \u00fanico.","_seopress_robots_index":"","footnotes":""},"class_list":["post-568","page","type-page","status-publish","has-post-thumbnail","hentry"],"acf":[],"_links":{"self":[{"href":"https:\/\/luizfaustino.com\/en\/wp-json\/wp\/v2\/pages\/568","targetHints":{"allow":["GET"]}}],"collection":[{"href":"https:\/\/luizfaustino.com\/en\/wp-json\/wp\/v2\/pages"}],"about":[{"href":"https:\/\/luizfaustino.com\/en\/wp-json\/wp\/v2\/types\/page"}],"author":[{"embeddable":true,"href":"https:\/\/luizfaustino.com\/en\/wp-json\/wp\/v2\/users\/1"}],"replies":[{"embeddable":true,"href":"https:\/\/luizfaustino.com\/en\/wp-json\/wp\/v2\/comments?post=568"}],"version-history":[{"count":26,"href":"https:\/\/luizfaustino.com\/en\/wp-json\/wp\/v2\/pages\/568\/revisions"}],"predecessor-version":[{"id":1222,"href":"https:\/\/luizfaustino.com\/en\/wp-json\/wp\/v2\/pages\/568\/revisions\/1222"}],"wp:featuredmedia":[{"embeddable":true,"href":"https:\/\/luizfaustino.com\/en\/wp-json\/wp\/v2\/media\/40"}],"wp:attachment":[{"href":"https:\/\/luizfaustino.com\/en\/wp-json\/wp\/v2\/media?parent=568"}],"curies":[{"name":"wp","href":"https:\/\/api.w.org\/{rel}","templated":true}]}}